{"id":2010,"date":"2023-04-09T22:13:03","date_gmt":"2023-04-09T20:13:03","guid":{"rendered":"http:\/\/stavebnepraceorava.sk\/?page_id=2010"},"modified":"2023-04-10T18:07:45","modified_gmt":"2023-04-10T16:07:45","slug":"londyn","status":"publish","type":"page","link":"https:\/\/stavebnepraceorava.sk\/?page_id=2010","title":{"rendered":"Byt v suter\u00e9ne Lond\u00fdn"},"content":{"rendered":"<p>&nbsp;<\/p>\n<div id='gallery-1' class='gallery galleryid-2010 gallery-columns-4 gallery-size-large'><figure class='gallery-item'>\n\t\t\t<div class='gallery-icon portrait'>\n\t\t\t\t<a href='https:\/\/stavebnepraceorava.sk\/?attachment_id=2054'><img width=\"450\" height=\"600\" src=\"https:\/\/stavebnepraceorava.sk\/wp-content\/uploads\/2023\/04\/Fotografia0435.jpg\" class=\"attachment-large size-large\" alt=\"\" decoding=\"async\" loading=\"lazy\" srcset=\"https:\/\/stavebnepraceorava.sk\/wp-content\/uploads\/2023\/04\/Fotografia0435.jpg 450w, https:\/\/stavebnepraceorava.sk\/wp-content\/uploads\/2023\/04\/Fotografia0435-225x300.jpg 225w\" sizes=\"(max-width: 450px) 100vw, 450px\" \/><\/a>\n\t\t\t<\/div><\/figure><figure class='gallery-item'>\n\t\t\t<div class='gallery-icon portrait'>\n\t\t\t\t<a href='https:\/\/stavebnepraceorava.sk\/?attachment_id=2045'><img width=\"450\" height=\"600\" src=\"https:\/\/stavebnepraceorava.sk\/wp-content\/uploads\/2023\/04\/Fotografia0384.jpg\" class=\"attachment-large size-large\" alt=\"\" decoding=\"async\" loading=\"lazy\" srcset=\"https:\/\/stavebnepraceorava.sk\/wp-content\/uploads\/2023\/04\/Fotografia0384.jpg 450w, https:\/\/stavebnepraceorava.sk\/wp-content\/uploads\/2023\/04\/Fotografia0384-225x300.jpg 225w\" sizes=\"(max-width: 450px) 100vw, 450px\" \/><\/a>\n\t\t\t<\/div><\/figure><figure class='gallery-item'>\n\t\t\t<div class='gallery-icon portrait'>\n\t\t\t\t<a href='https:\/\/stavebnepraceorava.sk\/?attachment_id=2046'><img width=\"450\" height=\"600\" src=\"https:\/\/stavebnepraceorava.sk\/wp-content\/uploads\/2023\/04\/Fotografia0387.jpg\" class=\"attachment-large size-large\" alt=\"\" decoding=\"async\" loading=\"lazy\" srcset=\"https:\/\/stavebnepraceorava.sk\/wp-content\/uploads\/2023\/04\/Fotografia0387.jpg 450w, https:\/\/stavebnepraceorava.sk\/wp-content\/uploads\/2023\/04\/Fotografia0387-225x300.jpg 225w\" sizes=\"(max-width: 450px) 100vw, 450px\" \/><\/a>\n\t\t\t<\/div><\/figure><figure class='gallery-item'>\n\t\t\t<div class='gallery-icon portrait'>\n\t\t\t\t<a href='https:\/\/stavebnepraceorava.sk\/?attachment_id=2048'><img width=\"450\" height=\"600\" src=\"https:\/\/stavebnepraceorava.sk\/wp-content\/uploads\/2023\/04\/Fotografia0391.jpg\" class=\"attachment-large size-large\" alt=\"\" decoding=\"async\" loading=\"lazy\" srcset=\"https:\/\/stavebnepraceorava.sk\/wp-content\/uploads\/2023\/04\/Fotografia0391.jpg 450w, https:\/\/stavebnepraceorava.sk\/wp-content\/uploads\/2023\/04\/Fotografia0391-225x300.jpg 225w\" sizes=\"(max-width: 450px) 100vw, 450px\" \/><\/a>\n\t\t\t<\/div><\/figure><figure class='gallery-item'>\n\t\t\t<div class='gallery-icon landscape'>\n\t\t\t\t<a href='https:\/\/stavebnepraceorava.sk\/?attachment_id=2053'><img width=\"800\" height=\"600\" src=\"https:\/\/stavebnepraceorava.sk\/wp-content\/uploads\/2023\/04\/Fotografia0433.jpg\" class=\"attachment-large size-large\" alt=\"\" decoding=\"async\" loading=\"lazy\" srcset=\"https:\/\/stavebnepraceorava.sk\/wp-content\/uploads\/2023\/04\/Fotografia0433.jpg 800w, https:\/\/stavebnepraceorava.sk\/wp-content\/uploads\/2023\/04\/Fotografia0433-300x225.jpg 300w, https:\/\/stavebnepraceorava.sk\/wp-content\/uploads\/2023\/04\/Fotografia0433-768x576.jpg 768w\" sizes=\"(max-width: 800px) 100vw, 800px\" \/><\/a>\n\t\t\t<\/div><\/figure><figure class='gallery-item'>\n\t\t\t<div class='gallery-icon landscape'>\n\t\t\t\t<a href='https:\/\/stavebnepraceorava.sk\/?attachment_id=2052'><img width=\"800\" height=\"600\" src=\"https:\/\/stavebnepraceorava.sk\/wp-content\/uploads\/2023\/04\/Fotografia0431.jpg\" class=\"attachment-large size-large\" alt=\"\" decoding=\"async\" loading=\"lazy\" srcset=\"https:\/\/stavebnepraceorava.sk\/wp-content\/uploads\/2023\/04\/Fotografia0431.jpg 800w, https:\/\/stavebnepraceorava.sk\/wp-content\/uploads\/2023\/04\/Fotografia0431-300x225.jpg 300w, https:\/\/stavebnepraceorava.sk\/wp-content\/uploads\/2023\/04\/Fotografia0431-768x576.jpg 768w\" sizes=\"(max-width: 800px) 100vw, 800px\" \/><\/a>\n\t\t\t<\/div><\/figure><figure class='gallery-item'>\n\t\t\t<div class='gallery-icon landscape'>\n\t\t\t\t<a href='https:\/\/stavebnepraceorava.sk\/?attachment_id=2050'><img width=\"800\" height=\"600\" src=\"https:\/\/stavebnepraceorava.sk\/wp-content\/uploads\/2023\/04\/Fotografia0396.jpg\" class=\"attachment-large size-large\" alt=\"\" decoding=\"async\" loading=\"lazy\" srcset=\"https:\/\/stavebnepraceorava.sk\/wp-content\/uploads\/2023\/04\/Fotografia0396.jpg 800w, https:\/\/stavebnepraceorava.sk\/wp-content\/uploads\/2023\/04\/Fotografia0396-300x225.jpg 300w, https:\/\/stavebnepraceorava.sk\/wp-content\/uploads\/2023\/04\/Fotografia0396-768x576.jpg 768w\" sizes=\"(max-width: 800px) 100vw, 800px\" \/><\/a>\n\t\t\t<\/div><\/figure><figure class='gallery-item'>\n\t\t\t<div class='gallery-icon landscape'>\n\t\t\t\t<a href='https:\/\/stavebnepraceorava.sk\/?attachment_id=2047'><img width=\"800\" height=\"600\" src=\"https:\/\/stavebnepraceorava.sk\/wp-content\/uploads\/2023\/04\/Fotografia0388.jpg\" class=\"attachment-large size-large\" alt=\"\" decoding=\"async\" loading=\"lazy\" srcset=\"https:\/\/stavebnepraceorava.sk\/wp-content\/uploads\/2023\/04\/Fotografia0388.jpg 800w, https:\/\/stavebnepraceorava.sk\/wp-content\/uploads\/2023\/04\/Fotografia0388-300x225.jpg 300w, https:\/\/stavebnepraceorava.sk\/wp-content\/uploads\/2023\/04\/Fotografia0388-768x576.jpg 768w\" sizes=\"(max-width: 800px) 100vw, 800px\" \/><\/a>\n\t\t\t<\/div><\/figure><figure class='gallery-item'>\n\t\t\t<div class='gallery-icon landscape'>\n\t\t\t\t<a href='https:\/\/stavebnepraceorava.sk\/?attachment_id=2042'><img width=\"800\" height=\"600\" src=\"https:\/\/stavebnepraceorava.sk\/wp-content\/uploads\/2023\/04\/Fotografia0369.jpg\" class=\"attachment-large size-large\" alt=\"\" decoding=\"async\" loading=\"lazy\" srcset=\"https:\/\/stavebnepraceorava.sk\/wp-content\/uploads\/2023\/04\/Fotografia0369.jpg 800w, https:\/\/stavebnepraceorava.sk\/wp-content\/uploads\/2023\/04\/Fotografia0369-300x225.jpg 300w, https:\/\/stavebnepraceorava.sk\/wp-content\/uploads\/2023\/04\/Fotografia0369-768x576.jpg 768w\" sizes=\"(max-width: 800px) 100vw, 800px\" \/><\/a>\n\t\t\t<\/div><\/figure><figure class='gallery-item'>\n\t\t\t<div class='gallery-icon landscape'>\n\t\t\t\t<a href='https:\/\/stavebnepraceorava.sk\/?attachment_id=2043'><img width=\"800\" height=\"600\" src=\"https:\/\/stavebnepraceorava.sk\/wp-content\/uploads\/2023\/04\/Fotografia0370.jpg\" class=\"attachment-large size-large\" alt=\"\" decoding=\"async\" loading=\"lazy\" srcset=\"https:\/\/stavebnepraceorava.sk\/wp-content\/uploads\/2023\/04\/Fotografia0370.jpg 800w, https:\/\/stavebnepraceorava.sk\/wp-content\/uploads\/2023\/04\/Fotografia0370-300x225.jpg 300w, https:\/\/stavebnepraceorava.sk\/wp-content\/uploads\/2023\/04\/Fotografia0370-768x576.jpg 768w\" sizes=\"(max-width: 800px) 100vw, 800px\" \/><\/a>\n\t\t\t<\/div><\/figure><figure class='gallery-item'>\n\t\t\t<div class='gallery-icon landscape'>\n\t\t\t\t<a href='https:\/\/stavebnepraceorava.sk\/?attachment_id=2040'><img width=\"800\" height=\"600\" src=\"https:\/\/stavebnepraceorava.sk\/wp-content\/uploads\/2023\/04\/Fotografia0357.jpg\" class=\"attachment-large size-large\" alt=\"\" decoding=\"async\" loading=\"lazy\" srcset=\"https:\/\/stavebnepraceorava.sk\/wp-content\/uploads\/2023\/04\/Fotografia0357.jpg 800w, https:\/\/stavebnepraceorava.sk\/wp-content\/uploads\/2023\/04\/Fotografia0357-300x225.jpg 300w, https:\/\/stavebnepraceorava.sk\/wp-content\/uploads\/2023\/04\/Fotografia0357-768x576.jpg 768w\" sizes=\"(max-width: 800px) 100vw, 800px\" \/><\/a>\n\t\t\t<\/div><\/figure><figure class='gallery-item'>\n\t\t\t<div class='gallery-icon landscape'>\n\t\t\t\t<a href='https:\/\/stavebnepraceorava.sk\/?attachment_id=2051'><img width=\"800\" height=\"600\" src=\"https:\/\/stavebnepraceorava.sk\/wp-content\/uploads\/2023\/04\/Fotografia0418.jpg\" class=\"attachment-large size-large\" alt=\"\" decoding=\"async\" loading=\"lazy\" srcset=\"https:\/\/stavebnepraceorava.sk\/wp-content\/uploads\/2023\/04\/Fotografia0418.jpg 800w, https:\/\/stavebnepraceorava.sk\/wp-content\/uploads\/2023\/04\/Fotografia0418-300x225.jpg 300w, https:\/\/stavebnepraceorava.sk\/wp-content\/uploads\/2023\/04\/Fotografia0418-768x576.jpg 768w\" sizes=\"(max-width: 800px) 100vw, 800px\" \/><\/a>\n\t\t\t<\/div><\/figure><figure class='gallery-item'>\n\t\t\t<div class='gallery-icon landscape'>\n\t\t\t\t<a href='https:\/\/stavebnepraceorava.sk\/?attachment_id=2039'><img width=\"800\" height=\"600\" src=\"https:\/\/stavebnepraceorava.sk\/wp-content\/uploads\/2023\/04\/Fotografia0356.jpg\" class=\"attachment-large size-large\" alt=\"\" decoding=\"async\" loading=\"lazy\" srcset=\"https:\/\/stavebnepraceorava.sk\/wp-content\/uploads\/2023\/04\/Fotografia0356.jpg 800w, https:\/\/stavebnepraceorava.sk\/wp-content\/uploads\/2023\/04\/Fotografia0356-300x225.jpg 300w, https:\/\/stavebnepraceorava.sk\/wp-content\/uploads\/2023\/04\/Fotografia0356-768x576.jpg 768w\" sizes=\"(max-width: 800px) 100vw, 800px\" \/><\/a>\n\t\t\t<\/div><\/figure><figure class='gallery-item'>\n\t\t\t<div class='gallery-icon landscape'>\n\t\t\t\t<a href='https:\/\/stavebnepraceorava.sk\/?attachment_id=2079'><img width=\"800\" height=\"450\" src=\"https:\/\/stavebnepraceorava.sk\/wp-content\/uploads\/2023\/04\/Fotografia0444.jpg\" class=\"attachment-large size-large\" alt=\"\" decoding=\"async\" loading=\"lazy\" srcset=\"https:\/\/stavebnepraceorava.sk\/wp-content\/uploads\/2023\/04\/Fotografia0444.jpg 800w, https:\/\/stavebnepraceorava.sk\/wp-content\/uploads\/2023\/04\/Fotografia0444-300x169.jpg 300w, https:\/\/stavebnepraceorava.sk\/wp-content\/uploads\/2023\/04\/Fotografia0444-768x432.jpg 768w\" sizes=\"(max-width: 800px) 100vw, 800px\" \/><\/a>\n\t\t\t<\/div><\/figure><figure class='gallery-item'>\n\t\t\t<div class='gallery-icon landscape'>\n\t\t\t\t<a href='https:\/\/stavebnepraceorava.sk\/?attachment_id=2078'><img width=\"800\" height=\"450\" src=\"https:\/\/stavebnepraceorava.sk\/wp-content\/uploads\/2023\/04\/Fotografia0443.jpg\" class=\"attachment-large size-large\" alt=\"\" decoding=\"async\" loading=\"lazy\" srcset=\"https:\/\/stavebnepraceorava.sk\/wp-content\/uploads\/2023\/04\/Fotografia0443.jpg 800w, https:\/\/stavebnepraceorava.sk\/wp-content\/uploads\/2023\/04\/Fotografia0443-300x169.jpg 300w, https:\/\/stavebnepraceorava.sk\/wp-content\/uploads\/2023\/04\/Fotografia0443-768x432.jpg 768w\" sizes=\"(max-width: 800px) 100vw, 800px\" \/><\/a>\n\t\t\t<\/div><\/figure><figure class='gallery-item'>\n\t\t\t<div class='gallery-icon landscape'>\n\t\t\t\t<a href='https:\/\/stavebnepraceorava.sk\/?attachment_id=2077'><img width=\"800\" height=\"450\" src=\"https:\/\/stavebnepraceorava.sk\/wp-content\/uploads\/2023\/04\/Fotografia0442.jpg\" class=\"attachment-large size-large\" alt=\"\" decoding=\"async\" loading=\"lazy\" srcset=\"https:\/\/stavebnepraceorava.sk\/wp-content\/uploads\/2023\/04\/Fotografia0442.jpg 800w, https:\/\/stavebnepraceorava.sk\/wp-content\/uploads\/2023\/04\/Fotografia0442-300x169.jpg 300w, https:\/\/stavebnepraceorava.sk\/wp-content\/uploads\/2023\/04\/Fotografia0442-768x432.jpg 768w\" sizes=\"(max-width: 800px) 100vw, 800px\" \/><\/a>\n\t\t\t<\/div><\/figure><figure class='gallery-item'>\n\t\t\t<div class='gallery-icon landscape'>\n\t\t\t\t<a href='https:\/\/stavebnepraceorava.sk\/?attachment_id=2076'><img width=\"800\" height=\"450\" src=\"https:\/\/stavebnepraceorava.sk\/wp-content\/uploads\/2023\/04\/Fotografia0439.jpg\" class=\"attachment-large size-large\" alt=\"\" decoding=\"async\" loading=\"lazy\" srcset=\"https:\/\/stavebnepraceorava.sk\/wp-content\/uploads\/2023\/04\/Fotografia0439.jpg 800w, https:\/\/stavebnepraceorava.sk\/wp-content\/uploads\/2023\/04\/Fotografia0439-300x169.jpg 300w, https:\/\/stavebnepraceorava.sk\/wp-content\/uploads\/2023\/04\/Fotografia0439-768x432.jpg 768w\" sizes=\"(max-width: 800px) 100vw, 800px\" \/><\/a>\n\t\t\t<\/div><\/figure><figure class='gallery-item'>\n\t\t\t<div class='gallery-icon landscape'>\n\t\t\t\t<a href='https:\/\/stavebnepraceorava.sk\/?attachment_id=2075'><img width=\"800\" height=\"450\" src=\"https:\/\/stavebnepraceorava.sk\/wp-content\/uploads\/2023\/04\/Fotografia0438.jpg\" class=\"attachment-large size-large\" alt=\"\" decoding=\"async\" loading=\"lazy\" srcset=\"https:\/\/stavebnepraceorava.sk\/wp-content\/uploads\/2023\/04\/Fotografia0438.jpg 800w, https:\/\/stavebnepraceorava.sk\/wp-content\/uploads\/2023\/04\/Fotografia0438-300x169.jpg 300w, https:\/\/stavebnepraceorava.sk\/wp-content\/uploads\/2023\/04\/Fotografia0438-768x432.jpg 768w\" sizes=\"(max-width: 800px) 100vw, 800px\" \/><\/a>\n\t\t\t<\/div><\/figure>\n\t\t<\/div>\n\n","protected":false},"excerpt":{"rendered":"<p>&nbsp;<\/p>\n","protected":false},"author":1,"featured_media":0,"parent":0,"menu_order":0,"comment_status":"closed","ping_status":"closed","template":"elementor_theme","meta":{"om_disable_all_campaigns":false,"_uag_custom_page_level_css":"","_mi_skip_tracking":false,"site-sidebar-layout":"default","site-content-layout":"default","ast-global-header-display":"","ast-main-header-display":"","ast-hfb-above-header-display":"","ast-hfb-below-header-display":"","ast-hfb-mobile-header-display":"","site-post-title":"","ast-breadcrumbs-content":"","ast-featured-img":"","footer-sml-layout":"","theme-transparent-header-meta":"default","adv-header-id-meta":"","stick-header-meta":"","header-above-stick-meta":"","header-main-stick-meta":"","header-below-stick-meta":""},"yoast_head":"<!-- This site is optimized with the Yoast SEO plugin v21.8.1 - https:\/\/yoast.com\/wordpress\/plugins\/seo\/ -->\n<title>Byt v suter\u00e9ne Lond\u00fdn - stavebn\u00e9 pr\u00e1ce Orava<\/title>\n<meta name=\"robots\" content=\"index, follow, max-snippet:-1, max-image-preview:large, max-video-preview:-1\" \/>\n<link rel=\"canonical\" href=\"https:\/\/stavebnepraceorava.sk\/?page_id=2010\" \/>\n<meta property=\"og:locale\" content=\"sk_SK\" \/>\n<meta property=\"og:type\" content=\"article\" \/>\n<meta property=\"og:title\" content=\"Byt v suter\u00e9ne Lond\u00fdn - stavebn\u00e9 pr\u00e1ce Orava\" \/>\n<meta property=\"og:description\" content=\"&nbsp;\" \/>\n<meta property=\"og:url\" content=\"https:\/\/stavebnepraceorava.sk\/?page_id=2010\" \/>\n<meta property=\"og:site_name\" content=\"stavebn\u00e9 pr\u00e1ce Orava\" \/>\n<meta property=\"article:modified_time\" content=\"2023-04-10T16:07:45+00:00\" \/>\n<meta property=\"og:image\" content=\"https:\/\/stavebnepraceorava.sk\/wp-content\/uploads\/2023\/04\/Fotografia0435.jpg\" \/>\n<meta name=\"twitter:card\" content=\"summary_large_image\" \/>\n<meta name=\"twitter:label1\" content=\"Predpokladan\u00fd \u010das \u010d\u00edtania\" \/>\n\t<meta name=\"twitter:data1\" content=\"1 min\u00fata\" \/>\n<script type=\"application\/ld+json\" class=\"yoast-schema-graph\">{\"@context\":\"https:\/\/schema.org\",\"@graph\":[{\"@type\":\"WebPage\",\"@id\":\"https:\/\/stavebnepraceorava.sk\/?page_id=2010\",\"url\":\"https:\/\/stavebnepraceorava.sk\/?page_id=2010\",\"name\":\"Byt v suter\u00e9ne Lond\u00fdn - stavebn\u00e9 pr\u00e1ce Orava\",\"isPartOf\":{\"@id\":\"https:\/\/stavebnepraceorava.sk\/#website\"},\"datePublished\":\"2023-04-09T20:13:03+00:00\",\"dateModified\":\"2023-04-10T16:07:45+00:00\",\"breadcrumb\":{\"@id\":\"https:\/\/stavebnepraceorava.sk\/?page_id=2010#breadcrumb\"},\"inLanguage\":\"sk-SK\",\"potentialAction\":[{\"@type\":\"ReadAction\",\"target\":[\"https:\/\/stavebnepraceorava.sk\/?page_id=2010\"]}]},{\"@type\":\"BreadcrumbList\",\"@id\":\"https:\/\/stavebnepraceorava.sk\/?page_id=2010#breadcrumb\",\"itemListElement\":[{\"@type\":\"ListItem\",\"position\":1,\"name\":\"Home\",\"item\":\"https:\/\/stavebnepraceorava.sk\/\"},{\"@type\":\"ListItem\",\"position\":2,\"name\":\"Byt v suter\u00e9ne Lond\u00fdn\"}]},{\"@type\":\"WebSite\",\"@id\":\"https:\/\/stavebnepraceorava.sk\/#website\",\"url\":\"https:\/\/stavebnepraceorava.sk\/\",\"name\":\"stavebn\u00e9 pr\u00e1ce Orava\",\"description\":\"Staviame rodinn\u00e9 domy  pre V\u00e1s\",\"publisher\":{\"@id\":\"https:\/\/stavebnepraceorava.sk\/#organization\"},\"potentialAction\":[{\"@type\":\"SearchAction\",\"target\":{\"@type\":\"EntryPoint\",\"urlTemplate\":\"https:\/\/stavebnepraceorava.sk\/?s={search_term_string}\"},\"query-input\":\"required name=search_term_string\"}],\"inLanguage\":\"sk-SK\"},{\"@type\":\"Organization\",\"@id\":\"https:\/\/stavebnepraceorava.sk\/#organization\",\"name\":\"stavebn\u00e9 pr\u00e1ce Orava\",\"url\":\"https:\/\/stavebnepraceorava.sk\/\",\"logo\":{\"@type\":\"ImageObject\",\"inLanguage\":\"sk-SK\",\"@id\":\"https:\/\/stavebnepraceorava.sk\/#\/schema\/logo\/image\/\",\"url\":\"https:\/\/stavebnepraceorava.sk\/wp-content\/uploads\/2023\/04\/LOGO_1_Sk-1.jpg\",\"contentUrl\":\"https:\/\/stavebnepraceorava.sk\/wp-content\/uploads\/2023\/04\/LOGO_1_Sk-1.jpg\",\"width\":595,\"height\":253,\"caption\":\"stavebn\u00e9 pr\u00e1ce Orava\"},\"image\":{\"@id\":\"https:\/\/stavebnepraceorava.sk\/#\/schema\/logo\/image\/\"}}]}<\/script>\n<!-- \/ Yoast SEO plugin. -->","yoast_head_json":{"title":"Byt v suter\u00e9ne Lond\u00fdn - stavebn\u00e9 pr\u00e1ce Orava","robots":{"index":"index","follow":"follow","max-snippet":"max-snippet:-1","max-image-preview":"max-image-preview:large","max-video-preview":"max-video-preview:-1"},"canonical":"https:\/\/stavebnepraceorava.sk\/?page_id=2010","og_locale":"sk_SK","og_type":"article","og_title":"Byt v suter\u00e9ne Lond\u00fdn - stavebn\u00e9 pr\u00e1ce Orava","og_description":"&nbsp;","og_url":"https:\/\/stavebnepraceorava.sk\/?page_id=2010","og_site_name":"stavebn\u00e9 pr\u00e1ce Orava","article_modified_time":"2023-04-10T16:07:45+00:00","og_image":[{"url":"https:\/\/stavebnepraceorava.sk\/wp-content\/uploads\/2023\/04\/Fotografia0435.jpg"}],"twitter_card":"summary_large_image","twitter_misc":{"Predpokladan\u00fd \u010das \u010d\u00edtania":"1 min\u00fata"},"schema":{"@context":"https:\/\/schema.org","@graph":[{"@type":"WebPage","@id":"https:\/\/stavebnepraceorava.sk\/?page_id=2010","url":"https:\/\/stavebnepraceorava.sk\/?page_id=2010","name":"Byt v suter\u00e9ne Lond\u00fdn - stavebn\u00e9 pr\u00e1ce Orava","isPartOf":{"@id":"https:\/\/stavebnepraceorava.sk\/#website"},"datePublished":"2023-04-09T20:13:03+00:00","dateModified":"2023-04-10T16:07:45+00:00","breadcrumb":{"@id":"https:\/\/stavebnepraceorava.sk\/?page_id=2010#breadcrumb"},"inLanguage":"sk-SK","potentialAction":[{"@type":"ReadAction","target":["https:\/\/stavebnepraceorava.sk\/?page_id=2010"]}]},{"@type":"BreadcrumbList","@id":"https:\/\/stavebnepraceorava.sk\/?page_id=2010#breadcrumb","itemListElement":[{"@type":"ListItem","position":1,"name":"Home","item":"https:\/\/stavebnepraceorava.sk\/"},{"@type":"ListItem","position":2,"name":"Byt v suter\u00e9ne Lond\u00fdn"}]},{"@type":"WebSite","@id":"https:\/\/stavebnepraceorava.sk\/#website","url":"https:\/\/stavebnepraceorava.sk\/","name":"stavebn\u00e9 pr\u00e1ce Orava","description":"Staviame rodinn\u00e9 domy  pre V\u00e1s","publisher":{"@id":"https:\/\/stavebnepraceorava.sk\/#organization"},"potentialAction":[{"@type":"SearchAction","target":{"@type":"EntryPoint","urlTemplate":"https:\/\/stavebnepraceorava.sk\/?s={search_term_string}"},"query-input":"required name=search_term_string"}],"inLanguage":"sk-SK"},{"@type":"Organization","@id":"https:\/\/stavebnepraceorava.sk\/#organization","name":"stavebn\u00e9 pr\u00e1ce Orava","url":"https:\/\/stavebnepraceorava.sk\/","logo":{"@type":"ImageObject","inLanguage":"sk-SK","@id":"https:\/\/stavebnepraceorava.sk\/#\/schema\/logo\/image\/","url":"https:\/\/stavebnepraceorava.sk\/wp-content\/uploads\/2023\/04\/LOGO_1_Sk-1.jpg","contentUrl":"https:\/\/stavebnepraceorava.sk\/wp-content\/uploads\/2023\/04\/LOGO_1_Sk-1.jpg","width":595,"height":253,"caption":"stavebn\u00e9 pr\u00e1ce Orava"},"image":{"@id":"https:\/\/stavebnepraceorava.sk\/#\/schema\/logo\/image\/"}}]}},"uagb_featured_image_src":{"full":false,"thumbnail":false,"medium":false,"medium_large":false,"large":false,"1536x1536":false,"2048x2048":false},"uagb_author_info":{"display_name":"LuStas","author_link":"https:\/\/stavebnepraceorava.sk\/?author=1"},"uagb_comment_info":0,"uagb_excerpt":"&nbsp;","_links":{"self":[{"href":"https:\/\/stavebnepraceorava.sk\/index.php?rest_route=\/wp\/v2\/pages\/2010"}],"collection":[{"href":"https:\/\/stavebnepraceorava.sk\/index.php?rest_route=\/wp\/v2\/pages"}],"about":[{"href":"https:\/\/stavebnepraceorava.sk\/index.php?rest_route=\/wp\/v2\/types\/page"}],"author":[{"embeddable":true,"href":"https:\/\/stavebnepraceorava.sk\/index.php?rest_route=\/wp\/v2\/users\/1"}],"replies":[{"embeddable":true,"href":"https:\/\/stavebnepraceorava.sk\/index.php?rest_route=%2Fwp%2Fv2%2Fcomments&post=2010"}],"version-history":[{"count":7,"href":"https:\/\/stavebnepraceorava.sk\/index.php?rest_route=\/wp\/v2\/pages\/2010\/revisions"}],"predecessor-version":[{"id":2306,"href":"https:\/\/stavebnepraceorava.sk\/index.php?rest_route=\/wp\/v2\/pages\/2010\/revisions\/2306"}],"wp:attachment":[{"href":"https:\/\/stavebnepraceorava.sk\/index.php?rest_route=%2Fwp%2Fv2%2Fmedia&parent=2010"}],"curies":[{"name":"wp","href":"https:\/\/api.w.org\/{rel}","templated":true}]}}