{"id":2444,"date":"2023-11-30T14:07:12","date_gmt":"2023-11-30T13:07:12","guid":{"rendered":"http:\/\/stavebnepraceorava.sk\/?page_id=2444"},"modified":"2023-11-30T14:25:33","modified_gmt":"2023-11-30T13:25:33","slug":"terasa-chaty-a-dvor-huty-2018","status":"publish","type":"page","link":"https:\/\/stavebnepraceorava.sk\/?page_id=2444","title":{"rendered":"Terasa chaty a dvor &#8211; Huty 2018"},"content":{"rendered":"<div id='gallery-1' class='gallery galleryid-2444 gallery-columns-4 gallery-size-medium'><figure class='gallery-item'>\n\t\t\t<div class='gallery-icon landscape'>\n\t\t\t\t<a href='https:\/\/stavebnepraceorava.sk\/wp-content\/uploads\/2023\/11\/Huty2018_001.jpg'><img width=\"300\" height=\"169\" src=\"https:\/\/stavebnepraceorava.sk\/wp-content\/uploads\/2023\/11\/Huty2018_001-300x169.jpg\" class=\"attachment-medium size-medium\" alt=\"\" decoding=\"async\" loading=\"lazy\" srcset=\"https:\/\/stavebnepraceorava.sk\/wp-content\/uploads\/2023\/11\/Huty2018_001-300x169.jpg 300w, https:\/\/stavebnepraceorava.sk\/wp-content\/uploads\/2023\/11\/Huty2018_001-768x432.jpg 768w, https:\/\/stavebnepraceorava.sk\/wp-content\/uploads\/2023\/11\/Huty2018_001.jpg 800w\" sizes=\"(max-width: 300px) 100vw, 300px\" \/><\/a>\n\t\t\t<\/div><\/figure><figure class='gallery-item'>\n\t\t\t<div class='gallery-icon landscape'>\n\t\t\t\t<a href='https:\/\/stavebnepraceorava.sk\/wp-content\/uploads\/2023\/11\/Huty2018_002.jpg'><img width=\"300\" height=\"169\" src=\"https:\/\/stavebnepraceorava.sk\/wp-content\/uploads\/2023\/11\/Huty2018_002-300x169.jpg\" class=\"attachment-medium size-medium\" alt=\"\" decoding=\"async\" loading=\"lazy\" srcset=\"https:\/\/stavebnepraceorava.sk\/wp-content\/uploads\/2023\/11\/Huty2018_002-300x169.jpg 300w, https:\/\/stavebnepraceorava.sk\/wp-content\/uploads\/2023\/11\/Huty2018_002-768x432.jpg 768w, https:\/\/stavebnepraceorava.sk\/wp-content\/uploads\/2023\/11\/Huty2018_002.jpg 800w\" sizes=\"(max-width: 300px) 100vw, 300px\" \/><\/a>\n\t\t\t<\/div><\/figure><figure class='gallery-item'>\n\t\t\t<div class='gallery-icon landscape'>\n\t\t\t\t<a href='https:\/\/stavebnepraceorava.sk\/wp-content\/uploads\/2023\/11\/Huty2018_003.jpg'><img width=\"300\" height=\"169\" src=\"https:\/\/stavebnepraceorava.sk\/wp-content\/uploads\/2023\/11\/Huty2018_003-300x169.jpg\" class=\"attachment-medium size-medium\" alt=\"\" decoding=\"async\" loading=\"lazy\" srcset=\"https:\/\/stavebnepraceorava.sk\/wp-content\/uploads\/2023\/11\/Huty2018_003-300x169.jpg 300w, https:\/\/stavebnepraceorava.sk\/wp-content\/uploads\/2023\/11\/Huty2018_003-768x432.jpg 768w, https:\/\/stavebnepraceorava.sk\/wp-content\/uploads\/2023\/11\/Huty2018_003.jpg 800w\" sizes=\"(max-width: 300px) 100vw, 300px\" \/><\/a>\n\t\t\t<\/div><\/figure><figure class='gallery-item'>\n\t\t\t<div class='gallery-icon landscape'>\n\t\t\t\t<a href='https:\/\/stavebnepraceorava.sk\/wp-content\/uploads\/2023\/11\/Huty2018_006.jpg'><img width=\"300\" height=\"169\" src=\"https:\/\/stavebnepraceorava.sk\/wp-content\/uploads\/2023\/11\/Huty2018_006-300x169.jpg\" class=\"attachment-medium size-medium\" alt=\"\" decoding=\"async\" loading=\"lazy\" srcset=\"https:\/\/stavebnepraceorava.sk\/wp-content\/uploads\/2023\/11\/Huty2018_006-300x169.jpg 300w, https:\/\/stavebnepraceorava.sk\/wp-content\/uploads\/2023\/11\/Huty2018_006-768x432.jpg 768w, https:\/\/stavebnepraceorava.sk\/wp-content\/uploads\/2023\/11\/Huty2018_006.jpg 800w\" sizes=\"(max-width: 300px) 100vw, 300px\" \/><\/a>\n\t\t\t<\/div><\/figure><figure class='gallery-item'>\n\t\t\t<div class='gallery-icon landscape'>\n\t\t\t\t<a href='https:\/\/stavebnepraceorava.sk\/wp-content\/uploads\/2023\/11\/Huty2018_005.jpg'><img width=\"300\" height=\"169\" src=\"https:\/\/stavebnepraceorava.sk\/wp-content\/uploads\/2023\/11\/Huty2018_005-300x169.jpg\" class=\"attachment-medium size-medium\" alt=\"\" decoding=\"async\" loading=\"lazy\" srcset=\"https:\/\/stavebnepraceorava.sk\/wp-content\/uploads\/2023\/11\/Huty2018_005-300x169.jpg 300w, https:\/\/stavebnepraceorava.sk\/wp-content\/uploads\/2023\/11\/Huty2018_005-768x432.jpg 768w, https:\/\/stavebnepraceorava.sk\/wp-content\/uploads\/2023\/11\/Huty2018_005.jpg 800w\" sizes=\"(max-width: 300px) 100vw, 300px\" \/><\/a>\n\t\t\t<\/div><\/figure><figure class='gallery-item'>\n\t\t\t<div class='gallery-icon landscape'>\n\t\t\t\t<a href='https:\/\/stavebnepraceorava.sk\/wp-content\/uploads\/2023\/11\/Huty2018_010.jpg'><img width=\"300\" height=\"169\" src=\"https:\/\/stavebnepraceorava.sk\/wp-content\/uploads\/2023\/11\/Huty2018_010-300x169.jpg\" class=\"attachment-medium size-medium\" alt=\"\" decoding=\"async\" loading=\"lazy\" srcset=\"https:\/\/stavebnepraceorava.sk\/wp-content\/uploads\/2023\/11\/Huty2018_010-300x169.jpg 300w, https:\/\/stavebnepraceorava.sk\/wp-content\/uploads\/2023\/11\/Huty2018_010-768x432.jpg 768w, https:\/\/stavebnepraceorava.sk\/wp-content\/uploads\/2023\/11\/Huty2018_010.jpg 800w\" sizes=\"(max-width: 300px) 100vw, 300px\" \/><\/a>\n\t\t\t<\/div><\/figure><figure class='gallery-item'>\n\t\t\t<div class='gallery-icon landscape'>\n\t\t\t\t<a href='https:\/\/stavebnepraceorava.sk\/wp-content\/uploads\/2023\/11\/Huty2018_012.jpg'><img width=\"300\" height=\"169\" src=\"https:\/\/stavebnepraceorava.sk\/wp-content\/uploads\/2023\/11\/Huty2018_012-300x169.jpg\" class=\"attachment-medium size-medium\" alt=\"\" decoding=\"async\" loading=\"lazy\" srcset=\"https:\/\/stavebnepraceorava.sk\/wp-content\/uploads\/2023\/11\/Huty2018_012-300x169.jpg 300w, https:\/\/stavebnepraceorava.sk\/wp-content\/uploads\/2023\/11\/Huty2018_012-768x432.jpg 768w, https:\/\/stavebnepraceorava.sk\/wp-content\/uploads\/2023\/11\/Huty2018_012.jpg 800w\" sizes=\"(max-width: 300px) 100vw, 300px\" \/><\/a>\n\t\t\t<\/div><\/figure><figure class='gallery-item'>\n\t\t\t<div class='gallery-icon landscape'>\n\t\t\t\t<a href='https:\/\/stavebnepraceorava.sk\/wp-content\/uploads\/2023\/11\/Huty2018_014.jpg'><img width=\"300\" height=\"169\" src=\"https:\/\/stavebnepraceorava.sk\/wp-content\/uploads\/2023\/11\/Huty2018_014-300x169.jpg\" class=\"attachment-medium size-medium\" alt=\"\" decoding=\"async\" loading=\"lazy\" srcset=\"https:\/\/stavebnepraceorava.sk\/wp-content\/uploads\/2023\/11\/Huty2018_014-300x169.jpg 300w, https:\/\/stavebnepraceorava.sk\/wp-content\/uploads\/2023\/11\/Huty2018_014-768x432.jpg 768w, https:\/\/stavebnepraceorava.sk\/wp-content\/uploads\/2023\/11\/Huty2018_014.jpg 800w\" sizes=\"(max-width: 300px) 100vw, 300px\" \/><\/a>\n\t\t\t<\/div><\/figure><figure class='gallery-item'>\n\t\t\t<div class='gallery-icon landscape'>\n\t\t\t\t<a href='https:\/\/stavebnepraceorava.sk\/wp-content\/uploads\/2023\/11\/Huty2018_015.jpg'><img width=\"300\" height=\"169\" src=\"https:\/\/stavebnepraceorava.sk\/wp-content\/uploads\/2023\/11\/Huty2018_015-300x169.jpg\" class=\"attachment-medium size-medium\" alt=\"\" decoding=\"async\" loading=\"lazy\" srcset=\"https:\/\/stavebnepraceorava.sk\/wp-content\/uploads\/2023\/11\/Huty2018_015-300x169.jpg 300w, https:\/\/stavebnepraceorava.sk\/wp-content\/uploads\/2023\/11\/Huty2018_015-768x432.jpg 768w, https:\/\/stavebnepraceorava.sk\/wp-content\/uploads\/2023\/11\/Huty2018_015.jpg 800w\" sizes=\"(max-width: 300px) 100vw, 300px\" \/><\/a>\n\t\t\t<\/div><\/figure><figure class='gallery-item'>\n\t\t\t<div class='gallery-icon landscape'>\n\t\t\t\t<a href='https:\/\/stavebnepraceorava.sk\/wp-content\/uploads\/2023\/11\/Huty2018_018.jpg'><img width=\"300\" height=\"169\" src=\"https:\/\/stavebnepraceorava.sk\/wp-content\/uploads\/2023\/11\/Huty2018_018-300x169.jpg\" class=\"attachment-medium size-medium\" alt=\"\" decoding=\"async\" loading=\"lazy\" srcset=\"https:\/\/stavebnepraceorava.sk\/wp-content\/uploads\/2023\/11\/Huty2018_018-300x169.jpg 300w, https:\/\/stavebnepraceorava.sk\/wp-content\/uploads\/2023\/11\/Huty2018_018-768x432.jpg 768w, https:\/\/stavebnepraceorava.sk\/wp-content\/uploads\/2023\/11\/Huty2018_018.jpg 800w\" sizes=\"(max-width: 300px) 100vw, 300px\" \/><\/a>\n\t\t\t<\/div><\/figure><figure class='gallery-item'>\n\t\t\t<div class='gallery-icon landscape'>\n\t\t\t\t<a href='https:\/\/stavebnepraceorava.sk\/wp-content\/uploads\/2023\/11\/Huty2018_021.jpg'><img width=\"300\" height=\"169\" src=\"https:\/\/stavebnepraceorava.sk\/wp-content\/uploads\/2023\/11\/Huty2018_021-300x169.jpg\" class=\"attachment-medium size-medium\" alt=\"\" decoding=\"async\" loading=\"lazy\" srcset=\"https:\/\/stavebnepraceorava.sk\/wp-content\/uploads\/2023\/11\/Huty2018_021-300x169.jpg 300w, https:\/\/stavebnepraceorava.sk\/wp-content\/uploads\/2023\/11\/Huty2018_021-768x432.jpg 768w, https:\/\/stavebnepraceorava.sk\/wp-content\/uploads\/2023\/11\/Huty2018_021.jpg 800w\" sizes=\"(max-width: 300px) 100vw, 300px\" \/><\/a>\n\t\t\t<\/div><\/figure><figure class='gallery-item'>\n\t\t\t<div class='gallery-icon landscape'>\n\t\t\t\t<a href='https:\/\/stavebnepraceorava.sk\/wp-content\/uploads\/2023\/11\/Huty2018_022.jpg'><img width=\"300\" height=\"169\" src=\"https:\/\/stavebnepraceorava.sk\/wp-content\/uploads\/2023\/11\/Huty2018_022-300x169.jpg\" class=\"attachment-medium size-medium\" alt=\"\" decoding=\"async\" loading=\"lazy\" srcset=\"https:\/\/stavebnepraceorava.sk\/wp-content\/uploads\/2023\/11\/Huty2018_022-300x169.jpg 300w, https:\/\/stavebnepraceorava.sk\/wp-content\/uploads\/2023\/11\/Huty2018_022-768x432.jpg 768w, https:\/\/stavebnepraceorava.sk\/wp-content\/uploads\/2023\/11\/Huty2018_022.jpg 800w\" sizes=\"(max-width: 300px) 100vw, 300px\" \/><\/a>\n\t\t\t<\/div><\/figure><figure class='gallery-item'>\n\t\t\t<div class='gallery-icon landscape'>\n\t\t\t\t<a href='https:\/\/stavebnepraceorava.sk\/wp-content\/uploads\/2023\/11\/Huty2018_023.jpg'><img width=\"300\" height=\"225\" src=\"https:\/\/stavebnepraceorava.sk\/wp-content\/uploads\/2023\/11\/Huty2018_023-300x225.jpg\" class=\"attachment-medium size-medium\" alt=\"\" decoding=\"async\" loading=\"lazy\" srcset=\"https:\/\/stavebnepraceorava.sk\/wp-content\/uploads\/2023\/11\/Huty2018_023-300x225.jpg 300w, https:\/\/stavebnepraceorava.sk\/wp-content\/uploads\/2023\/11\/Huty2018_023-768x576.jpg 768w, https:\/\/stavebnepraceorava.sk\/wp-content\/uploads\/2023\/11\/Huty2018_023.jpg 800w\" sizes=\"(max-width: 300px) 100vw, 300px\" \/><\/a>\n\t\t\t<\/div><\/figure><figure class='gallery-item'>\n\t\t\t<div class='gallery-icon landscape'>\n\t\t\t\t<a href='https:\/\/stavebnepraceorava.sk\/wp-content\/uploads\/2023\/11\/Huty2018_027.jpg'><img width=\"300\" height=\"225\" src=\"https:\/\/stavebnepraceorava.sk\/wp-content\/uploads\/2023\/11\/Huty2018_027-300x225.jpg\" class=\"attachment-medium size-medium\" alt=\"\" decoding=\"async\" loading=\"lazy\" srcset=\"https:\/\/stavebnepraceorava.sk\/wp-content\/uploads\/2023\/11\/Huty2018_027-300x225.jpg 300w, https:\/\/stavebnepraceorava.sk\/wp-content\/uploads\/2023\/11\/Huty2018_027-768x576.jpg 768w, https:\/\/stavebnepraceorava.sk\/wp-content\/uploads\/2023\/11\/Huty2018_027.jpg 800w\" sizes=\"(max-width: 300px) 100vw, 300px\" \/><\/a>\n\t\t\t<\/div><\/figure>\n\t\t<\/div>\n\n","protected":false},"excerpt":{"rendered":"","protected":false},"author":1,"featured_media":0,"parent":0,"menu_order":0,"comment_status":"closed","ping_status":"closed","template":"","meta":{"om_disable_all_campaigns":false,"_uag_custom_page_level_css":"","_mi_skip_tracking":false,"site-sidebar-layout":"default","site-content-layout":"default","ast-global-header-display":"","ast-main-header-display":"","ast-hfb-above-header-display":"","ast-hfb-below-header-display":"","ast-hfb-mobile-header-display":"","site-post-title":"","ast-breadcrumbs-content":"","ast-featured-img":"","footer-sml-layout":"","theme-transparent-header-meta":"default","adv-header-id-meta":"","stick-header-meta":"","header-above-stick-meta":"","header-main-stick-meta":"","header-below-stick-meta":""},"yoast_head":"<!-- This site is optimized with the Yoast SEO plugin v21.8.1 - https:\/\/yoast.com\/wordpress\/plugins\/seo\/ -->\n<title>Terasa chaty a dvor - Huty 2018 - stavebn\u00e9 pr\u00e1ce Orava<\/title>\n<meta name=\"robots\" content=\"index, follow, max-snippet:-1, max-image-preview:large, max-video-preview:-1\" \/>\n<link rel=\"canonical\" href=\"https:\/\/stavebnepraceorava.sk\/?page_id=2444\" \/>\n<meta property=\"og:locale\" content=\"sk_SK\" \/>\n<meta property=\"og:type\" content=\"article\" \/>\n<meta property=\"og:title\" content=\"Terasa chaty a dvor - Huty 2018 - stavebn\u00e9 pr\u00e1ce Orava\" \/>\n<meta property=\"og:url\" content=\"https:\/\/stavebnepraceorava.sk\/?page_id=2444\" \/>\n<meta property=\"og:site_name\" content=\"stavebn\u00e9 pr\u00e1ce Orava\" \/>\n<meta property=\"article:modified_time\" content=\"2023-11-30T13:25:33+00:00\" \/>\n<meta property=\"og:image\" content=\"https:\/\/stavebnepraceorava.sk\/wp-content\/uploads\/2023\/11\/Huty2018_001-300x169.jpg\" \/>\n<meta name=\"twitter:card\" content=\"summary_large_image\" \/>\n<meta name=\"twitter:label1\" content=\"Predpokladan\u00fd \u010das \u010d\u00edtania\" \/>\n\t<meta name=\"twitter:data1\" content=\"1 min\u00fata\" \/>\n<script type=\"application\/ld+json\" class=\"yoast-schema-graph\">{\"@context\":\"https:\/\/schema.org\",\"@graph\":[{\"@type\":\"WebPage\",\"@id\":\"https:\/\/stavebnepraceorava.sk\/?page_id=2444\",\"url\":\"https:\/\/stavebnepraceorava.sk\/?page_id=2444\",\"name\":\"Terasa chaty a dvor - Huty 2018 - stavebn\u00e9 pr\u00e1ce Orava\",\"isPartOf\":{\"@id\":\"https:\/\/stavebnepraceorava.sk\/#website\"},\"datePublished\":\"2023-11-30T13:07:12+00:00\",\"dateModified\":\"2023-11-30T13:25:33+00:00\",\"breadcrumb\":{\"@id\":\"https:\/\/stavebnepraceorava.sk\/?page_id=2444#breadcrumb\"},\"inLanguage\":\"sk-SK\",\"potentialAction\":[{\"@type\":\"ReadAction\",\"target\":[\"https:\/\/stavebnepraceorava.sk\/?page_id=2444\"]}]},{\"@type\":\"BreadcrumbList\",\"@id\":\"https:\/\/stavebnepraceorava.sk\/?page_id=2444#breadcrumb\",\"itemListElement\":[{\"@type\":\"ListItem\",\"position\":1,\"name\":\"Home\",\"item\":\"https:\/\/stavebnepraceorava.sk\/\"},{\"@type\":\"ListItem\",\"position\":2,\"name\":\"Terasa chaty a dvor &#8211; Huty 2018\"}]},{\"@type\":\"WebSite\",\"@id\":\"https:\/\/stavebnepraceorava.sk\/#website\",\"url\":\"https:\/\/stavebnepraceorava.sk\/\",\"name\":\"stavebn\u00e9 pr\u00e1ce Orava\",\"description\":\"Staviame rodinn\u00e9 domy  pre V\u00e1s\",\"publisher\":{\"@id\":\"https:\/\/stavebnepraceorava.sk\/#organization\"},\"potentialAction\":[{\"@type\":\"SearchAction\",\"target\":{\"@type\":\"EntryPoint\",\"urlTemplate\":\"https:\/\/stavebnepraceorava.sk\/?s={search_term_string}\"},\"query-input\":\"required name=search_term_string\"}],\"inLanguage\":\"sk-SK\"},{\"@type\":\"Organization\",\"@id\":\"https:\/\/stavebnepraceorava.sk\/#organization\",\"name\":\"stavebn\u00e9 pr\u00e1ce Orava\",\"url\":\"https:\/\/stavebnepraceorava.sk\/\",\"logo\":{\"@type\":\"ImageObject\",\"inLanguage\":\"sk-SK\",\"@id\":\"https:\/\/stavebnepraceorava.sk\/#\/schema\/logo\/image\/\",\"url\":\"https:\/\/stavebnepraceorava.sk\/wp-content\/uploads\/2023\/04\/LOGO_1_Sk-1.jpg\",\"contentUrl\":\"https:\/\/stavebnepraceorava.sk\/wp-content\/uploads\/2023\/04\/LOGO_1_Sk-1.jpg\",\"width\":595,\"height\":253,\"caption\":\"stavebn\u00e9 pr\u00e1ce Orava\"},\"image\":{\"@id\":\"https:\/\/stavebnepraceorava.sk\/#\/schema\/logo\/image\/\"}}]}<\/script>\n<!-- \/ Yoast SEO plugin. -->","yoast_head_json":{"title":"Terasa chaty a dvor - Huty 2018 - stavebn\u00e9 pr\u00e1ce Orava","robots":{"index":"index","follow":"follow","max-snippet":"max-snippet:-1","max-image-preview":"max-image-preview:large","max-video-preview":"max-video-preview:-1"},"canonical":"https:\/\/stavebnepraceorava.sk\/?page_id=2444","og_locale":"sk_SK","og_type":"article","og_title":"Terasa chaty a dvor - Huty 2018 - stavebn\u00e9 pr\u00e1ce Orava","og_url":"https:\/\/stavebnepraceorava.sk\/?page_id=2444","og_site_name":"stavebn\u00e9 pr\u00e1ce Orava","article_modified_time":"2023-11-30T13:25:33+00:00","og_image":[{"url":"https:\/\/stavebnepraceorava.sk\/wp-content\/uploads\/2023\/11\/Huty2018_001-300x169.jpg"}],"twitter_card":"summary_large_image","twitter_misc":{"Predpokladan\u00fd \u010das \u010d\u00edtania":"1 min\u00fata"},"schema":{"@context":"https:\/\/schema.org","@graph":[{"@type":"WebPage","@id":"https:\/\/stavebnepraceorava.sk\/?page_id=2444","url":"https:\/\/stavebnepraceorava.sk\/?page_id=2444","name":"Terasa chaty a dvor - Huty 2018 - stavebn\u00e9 pr\u00e1ce Orava","isPartOf":{"@id":"https:\/\/stavebnepraceorava.sk\/#website"},"datePublished":"2023-11-30T13:07:12+00:00","dateModified":"2023-11-30T13:25:33+00:00","breadcrumb":{"@id":"https:\/\/stavebnepraceorava.sk\/?page_id=2444#breadcrumb"},"inLanguage":"sk-SK","potentialAction":[{"@type":"ReadAction","target":["https:\/\/stavebnepraceorava.sk\/?page_id=2444"]}]},{"@type":"BreadcrumbList","@id":"https:\/\/stavebnepraceorava.sk\/?page_id=2444#breadcrumb","itemListElement":[{"@type":"ListItem","position":1,"name":"Home","item":"https:\/\/stavebnepraceorava.sk\/"},{"@type":"ListItem","position":2,"name":"Terasa chaty a dvor &#8211; Huty 2018"}]},{"@type":"WebSite","@id":"https:\/\/stavebnepraceorava.sk\/#website","url":"https:\/\/stavebnepraceorava.sk\/","name":"stavebn\u00e9 pr\u00e1ce Orava","description":"Staviame rodinn\u00e9 domy  pre V\u00e1s","publisher":{"@id":"https:\/\/stavebnepraceorava.sk\/#organization"},"potentialAction":[{"@type":"SearchAction","target":{"@type":"EntryPoint","urlTemplate":"https:\/\/stavebnepraceorava.sk\/?s={search_term_string}"},"query-input":"required name=search_term_string"}],"inLanguage":"sk-SK"},{"@type":"Organization","@id":"https:\/\/stavebnepraceorava.sk\/#organization","name":"stavebn\u00e9 pr\u00e1ce Orava","url":"https:\/\/stavebnepraceorava.sk\/","logo":{"@type":"ImageObject","inLanguage":"sk-SK","@id":"https:\/\/stavebnepraceorava.sk\/#\/schema\/logo\/image\/","url":"https:\/\/stavebnepraceorava.sk\/wp-content\/uploads\/2023\/04\/LOGO_1_Sk-1.jpg","contentUrl":"https:\/\/stavebnepraceorava.sk\/wp-content\/uploads\/2023\/04\/LOGO_1_Sk-1.jpg","width":595,"height":253,"caption":"stavebn\u00e9 pr\u00e1ce Orava"},"image":{"@id":"https:\/\/stavebnepraceorava.sk\/#\/schema\/logo\/image\/"}}]}},"uagb_featured_image_src":{"full":false,"thumbnail":false,"medium":false,"medium_large":false,"large":false,"1536x1536":false,"2048x2048":false},"uagb_author_info":{"display_name":"LuStas","author_link":"https:\/\/stavebnepraceorava.sk\/?author=1"},"uagb_comment_info":0,"uagb_excerpt":null,"_links":{"self":[{"href":"https:\/\/stavebnepraceorava.sk\/index.php?rest_route=\/wp\/v2\/pages\/2444"}],"collection":[{"href":"https:\/\/stavebnepraceorava.sk\/index.php?rest_route=\/wp\/v2\/pages"}],"about":[{"href":"https:\/\/stavebnepraceorava.sk\/index.php?rest_route=\/wp\/v2\/types\/page"}],"author":[{"embeddable":true,"href":"https:\/\/stavebnepraceorava.sk\/index.php?rest_route=\/wp\/v2\/users\/1"}],"replies":[{"embeddable":true,"href":"https:\/\/stavebnepraceorava.sk\/index.php?rest_route=%2Fwp%2Fv2%2Fcomments&post=2444"}],"version-history":[{"count":4,"href":"https:\/\/stavebnepraceorava.sk\/index.php?rest_route=\/wp\/v2\/pages\/2444\/revisions"}],"predecessor-version":[{"id":2475,"href":"https:\/\/stavebnepraceorava.sk\/index.php?rest_route=\/wp\/v2\/pages\/2444\/revisions\/2475"}],"wp:attachment":[{"href":"https:\/\/stavebnepraceorava.sk\/index.php?rest_route=%2Fwp%2Fv2%2Fmedia&parent=2444"}],"curies":[{"name":"wp","href":"https:\/\/api.w.org\/{rel}","templated":true}]}}